{"id":2870,"date":"2025-06-19T16:20:30","date_gmt":"2025-06-19T16:20:30","guid":{"rendered":"https:\/\/mayaciel.de\/?post_type=product&#038;p=2870"},"modified":"2025-08-01T13:58:34","modified_gmt":"2025-08-01T13:58:34","slug":"signature-t-shirt","status":"publish","type":"product","link":"https:\/\/mayaciel.de\/en\/produkt\/signature-t-shirt\/","title":{"rendered":"Signature T-Shirt (schwarz)"},"content":{"rendered":"<p data-start=\"283\" data-end=\"559\">Unser offizielles <strong data-start=\"301\" data-end=\"331\">MAYACIEL Signature T-Shirt<\/strong> verbindet minimalistisches Design mit hochwertigen Materialien. Gefertigt aus 100\u202f% gek\u00e4mmter Bio-Baumwolle, bietet das Shirt von ein besonders weiches Tragegef\u00fchl und eine moderne, entspannte Passform.<\/p>\n<p data-start=\"561\" data-end=\"740\">Auf der Brust tr\u00e4gt es dezent das MAYACIEL Logo \u2013 auf dem R\u00fccken \u00fcberzeugt es mit einem eindrucksvollen Signature Print, inspiriert von der Welt unseres preisgekr\u00f6nten Tequilas.<\/p>\n<p data-start=\"742\" data-end=\"864\">Ob als Statement-Piece oder l\u00e4ssiger Alltagsbegleiter.<\/p>\n<ul>\n<li data-start=\"866\" data-end=\"1000\">Fair &amp; nachhaltig produziert<\/li>\n<li data-start=\"866\" data-end=\"1000\">100\u202f% Bio-Baumwolle<\/li>\n<li data-start=\"866\" data-end=\"1000\">Hochwertiger Siebdruck vorne &amp; hinten<\/li>\n<li data-start=\"866\" data-end=\"1000\">Unisex Fit \u2013 f\u00e4llt normal aus<\/li>\n<\/ul>\n<p data-start=\"1002\" data-end=\"1066\"><strong data-start=\"1002\" data-end=\"1066\">Designed in Berlin. Inspiriert von Mexiko. Getragen weltweit.<\/strong><\/p>\n","protected":false},"excerpt":{"rendered":"<p>Unser offizielles MAYACIEL Signature T-Shirt verbindet minimalistisches Design mit hochwertigen Materialien. Gefertigt aus 100\u202f% gek\u00e4mmter Bio-Baumwolle,&#8230;<\/p>\n","protected":false},"featured_media":2877,"comment_status":"closed","ping_status":"closed","template":"","meta":{"_acf_changed":false},"product_brand":[],"product_cat":[15],"product_tag":[],"class_list":{"0":"post-2870","1":"product","2":"type-product","3":"status-publish","4":"has-post-thumbnail","6":"product_cat-tequila","7":"product_shipping_class-kostenloser-versand-ab-60e-bestellwert","9":"first","10":"instock","11":"taxable","12":"shipping-taxable","13":"purchasable","14":"product-type-variable"},"acf":[],"yoast_head":"<!-- This site is optimized with the Yoast SEO plugin v25.5 - https:\/\/yoast.com\/wordpress\/plugins\/seo\/ -->\n<title>Signature T-Shirt (schwarz) - MAYACIEL<\/title>\n<meta name=\"description\" content=\"MAYACIEL Signature T-Shirt aus Bio-Baumwolle. Mit Brustlogo &amp; Tequila-Backprint. Fair produziert, stylisch &amp; unisex.\" \/>\n<meta name=\"robots\" content=\"index, follow, max-snippet:-1, max-image-preview:large, max-video-preview:-1\" \/>\n<link rel=\"canonical\" href=\"https:\/\/mayaciel.de\/en\/produkt\/signature-t-shirt\/\" \/>\n<meta property=\"og:locale\" content=\"en_US\" \/>\n<meta property=\"og:type\" content=\"article\" \/>\n<meta property=\"og:title\" content=\"Signature T-Shirt (schwarz) - MAYACIEL\" \/>\n<meta property=\"og:description\" content=\"MAYACIEL Signature T-Shirt aus Bio-Baumwolle. Mit Brustlogo &amp; Tequila-Backprint. Fair produziert, stylisch &amp; unisex.\" \/>\n<meta property=\"og:url\" content=\"https:\/\/mayaciel.de\/en\/produkt\/signature-t-shirt\/\" \/>\n<meta property=\"og:site_name\" content=\"MAYACIEL\" \/>\n<meta property=\"article:publisher\" content=\"https:\/\/www.facebook.com\/mayacieltequila\" \/>\n<meta property=\"article:modified_time\" content=\"2025-08-01T13:58:34+00:00\" \/>\n<meta property=\"og:image\" content=\"https:\/\/mayaciel.de\/wp-content\/uploads\/2025\/06\/t-shirt-schwarz_Zeichenflaeche-1-scaled.png\" \/>\n\t<meta property=\"og:image:width\" content=\"2048\" \/>\n\t<meta property=\"og:image:height\" content=\"2560\" \/>\n\t<meta property=\"og:image:type\" content=\"image\/png\" \/>\n<meta name=\"twitter:card\" content=\"summary_large_image\" \/>\n<meta name=\"twitter:label1\" content=\"Est. reading time\" \/>\n\t<meta name=\"twitter:data1\" content=\"1 minute\" \/>\n<script type=\"application\/ld+json\" class=\"yoast-schema-graph\">{\"@context\":\"https:\/\/schema.org\",\"@graph\":[{\"@type\":\"WebPage\",\"@id\":\"https:\/\/mayaciel.de\/en\/produkt\/signature-t-shirt\/\",\"url\":\"https:\/\/mayaciel.de\/en\/produkt\/signature-t-shirt\/\",\"name\":\"Signature T-Shirt (schwarz) - MAYACIEL\",\"isPartOf\":{\"@id\":\"https:\/\/mayaciel.de\/en\/#website\"},\"primaryImageOfPage\":{\"@id\":\"https:\/\/mayaciel.de\/en\/produkt\/signature-t-shirt\/#primaryimage\"},\"image\":{\"@id\":\"https:\/\/mayaciel.de\/en\/produkt\/signature-t-shirt\/#primaryimage\"},\"thumbnailUrl\":\"https:\/\/mayaciel.de\/wp-content\/uploads\/2025\/06\/t-shirt-schwarz_Zeichenflaeche-1-scaled.png\",\"datePublished\":\"2025-06-19T16:20:30+00:00\",\"dateModified\":\"2025-08-01T13:58:34+00:00\",\"description\":\"MAYACIEL Signature T-Shirt aus Bio-Baumwolle. Mit Brustlogo & Tequila-Backprint. Fair produziert, stylisch & unisex.\",\"breadcrumb\":{\"@id\":\"https:\/\/mayaciel.de\/en\/produkt\/signature-t-shirt\/#breadcrumb\"},\"inLanguage\":\"en-US\",\"potentialAction\":[{\"@type\":\"ReadAction\",\"target\":[\"https:\/\/mayaciel.de\/en\/produkt\/signature-t-shirt\/\"]}]},{\"@type\":\"ImageObject\",\"inLanguage\":\"en-US\",\"@id\":\"https:\/\/mayaciel.de\/en\/produkt\/signature-t-shirt\/#primaryimage\",\"url\":\"https:\/\/mayaciel.de\/wp-content\/uploads\/2025\/06\/t-shirt-schwarz_Zeichenflaeche-1-scaled.png\",\"contentUrl\":\"https:\/\/mayaciel.de\/wp-content\/uploads\/2025\/06\/t-shirt-schwarz_Zeichenflaeche-1-scaled.png\",\"width\":2048,\"height\":2560,\"caption\":\"MAYACIEL Tequila Signature T-Shirt schwarz\"},{\"@type\":\"BreadcrumbList\",\"@id\":\"https:\/\/mayaciel.de\/en\/produkt\/signature-t-shirt\/#breadcrumb\",\"itemListElement\":[{\"@type\":\"ListItem\",\"position\":1,\"name\":\"Startseite\",\"item\":\"https:\/\/mayaciel.de\/en\/\"},{\"@type\":\"ListItem\",\"position\":2,\"name\":\"Shop\",\"item\":\"https:\/\/mayaciel.de\/shop\/\"},{\"@type\":\"ListItem\",\"position\":3,\"name\":\"Signature T-Shirt (schwarz)\"}]},{\"@type\":\"WebSite\",\"@id\":\"https:\/\/mayaciel.de\/en\/#website\",\"url\":\"https:\/\/mayaciel.de\/en\/\",\"name\":\"MAYACIEL\",\"description\":\"Tequila Generation Next\",\"publisher\":{\"@id\":\"https:\/\/mayaciel.de\/en\/#organization\"},\"alternateName\":\"MAYACIEL\",\"potentialAction\":[{\"@type\":\"SearchAction\",\"target\":{\"@type\":\"EntryPoint\",\"urlTemplate\":\"https:\/\/mayaciel.de\/en\/?s={search_term_string}\"},\"query-input\":{\"@type\":\"PropertyValueSpecification\",\"valueRequired\":true,\"valueName\":\"search_term_string\"}}],\"inLanguage\":\"en-US\"},{\"@type\":\"Organization\",\"@id\":\"https:\/\/mayaciel.de\/en\/#organization\",\"name\":\"Mayaciel Spirits GmbH\",\"alternateName\":\"MAYACIEL\",\"url\":\"https:\/\/mayaciel.de\/en\/\",\"logo\":{\"@type\":\"ImageObject\",\"inLanguage\":\"en-US\",\"@id\":\"https:\/\/mayaciel.de\/en\/#\/schema\/logo\/image\/\",\"url\":\"https:\/\/mayaciel.de\/wp-content\/uploads\/2023\/06\/ms-icon-310x310-1.png\",\"contentUrl\":\"https:\/\/mayaciel.de\/wp-content\/uploads\/2023\/06\/ms-icon-310x310-1.png\",\"width\":310,\"height\":310,\"caption\":\"Mayaciel Spirits GmbH\"},\"image\":{\"@id\":\"https:\/\/mayaciel.de\/en\/#\/schema\/logo\/image\/\"},\"sameAs\":[\"https:\/\/www.facebook.com\/mayacieltequila\",\"https:\/\/www.instagram.com\/mayaciel\/\"]}]}<\/script>\n<!-- \/ Yoast SEO plugin. -->","yoast_head_json":{"title":"Signature T-Shirt (schwarz) - MAYACIEL","description":"MAYACIEL Signature T-Shirt aus Bio-Baumwolle. Mit Brustlogo & Tequila-Backprint. Fair produziert, stylisch & unisex.","robots":{"index":"index","follow":"follow","max-snippet":"max-snippet:-1","max-image-preview":"max-image-preview:large","max-video-preview":"max-video-preview:-1"},"canonical":"https:\/\/mayaciel.de\/en\/produkt\/signature-t-shirt\/","og_locale":"en_US","og_type":"article","og_title":"Signature T-Shirt (schwarz) - MAYACIEL","og_description":"MAYACIEL Signature T-Shirt aus Bio-Baumwolle. Mit Brustlogo & Tequila-Backprint. Fair produziert, stylisch & unisex.","og_url":"https:\/\/mayaciel.de\/en\/produkt\/signature-t-shirt\/","og_site_name":"MAYACIEL","article_publisher":"https:\/\/www.facebook.com\/mayacieltequila","article_modified_time":"2025-08-01T13:58:34+00:00","og_image":[{"width":2048,"height":2560,"url":"https:\/\/mayaciel.de\/wp-content\/uploads\/2025\/06\/t-shirt-schwarz_Zeichenflaeche-1-scaled.png","type":"image\/png"}],"twitter_card":"summary_large_image","twitter_misc":{"Est. reading time":"1 minute"},"schema":{"@context":"https:\/\/schema.org","@graph":[{"@type":"WebPage","@id":"https:\/\/mayaciel.de\/en\/produkt\/signature-t-shirt\/","url":"https:\/\/mayaciel.de\/en\/produkt\/signature-t-shirt\/","name":"Signature T-Shirt (schwarz) - MAYACIEL","isPartOf":{"@id":"https:\/\/mayaciel.de\/en\/#website"},"primaryImageOfPage":{"@id":"https:\/\/mayaciel.de\/en\/produkt\/signature-t-shirt\/#primaryimage"},"image":{"@id":"https:\/\/mayaciel.de\/en\/produkt\/signature-t-shirt\/#primaryimage"},"thumbnailUrl":"https:\/\/mayaciel.de\/wp-content\/uploads\/2025\/06\/t-shirt-schwarz_Zeichenflaeche-1-scaled.png","datePublished":"2025-06-19T16:20:30+00:00","dateModified":"2025-08-01T13:58:34+00:00","description":"MAYACIEL Signature T-Shirt aus Bio-Baumwolle. Mit Brustlogo & Tequila-Backprint. Fair produziert, stylisch & unisex.","breadcrumb":{"@id":"https:\/\/mayaciel.de\/en\/produkt\/signature-t-shirt\/#breadcrumb"},"inLanguage":"en-US","potentialAction":[{"@type":"ReadAction","target":["https:\/\/mayaciel.de\/en\/produkt\/signature-t-shirt\/"]}]},{"@type":"ImageObject","inLanguage":"en-US","@id":"https:\/\/mayaciel.de\/en\/produkt\/signature-t-shirt\/#primaryimage","url":"https:\/\/mayaciel.de\/wp-content\/uploads\/2025\/06\/t-shirt-schwarz_Zeichenflaeche-1-scaled.png","contentUrl":"https:\/\/mayaciel.de\/wp-content\/uploads\/2025\/06\/t-shirt-schwarz_Zeichenflaeche-1-scaled.png","width":2048,"height":2560,"caption":"MAYACIEL Tequila Signature T-Shirt schwarz"},{"@type":"BreadcrumbList","@id":"https:\/\/mayaciel.de\/en\/produkt\/signature-t-shirt\/#breadcrumb","itemListElement":[{"@type":"ListItem","position":1,"name":"Startseite","item":"https:\/\/mayaciel.de\/en\/"},{"@type":"ListItem","position":2,"name":"Shop","item":"https:\/\/mayaciel.de\/shop\/"},{"@type":"ListItem","position":3,"name":"Signature T-Shirt (schwarz)"}]},{"@type":"WebSite","@id":"https:\/\/mayaciel.de\/en\/#website","url":"https:\/\/mayaciel.de\/en\/","name":"MAYACIEL","description":"Tequila Generation Next","publisher":{"@id":"https:\/\/mayaciel.de\/en\/#organization"},"alternateName":"MAYACIEL","potentialAction":[{"@type":"SearchAction","target":{"@type":"EntryPoint","urlTemplate":"https:\/\/mayaciel.de\/en\/?s={search_term_string}"},"query-input":{"@type":"PropertyValueSpecification","valueRequired":true,"valueName":"search_term_string"}}],"inLanguage":"en-US"},{"@type":"Organization","@id":"https:\/\/mayaciel.de\/en\/#organization","name":"Mayaciel Spirits GmbH","alternateName":"MAYACIEL","url":"https:\/\/mayaciel.de\/en\/","logo":{"@type":"ImageObject","inLanguage":"en-US","@id":"https:\/\/mayaciel.de\/en\/#\/schema\/logo\/image\/","url":"https:\/\/mayaciel.de\/wp-content\/uploads\/2023\/06\/ms-icon-310x310-1.png","contentUrl":"https:\/\/mayaciel.de\/wp-content\/uploads\/2023\/06\/ms-icon-310x310-1.png","width":310,"height":310,"caption":"Mayaciel Spirits GmbH"},"image":{"@id":"https:\/\/mayaciel.de\/en\/#\/schema\/logo\/image\/"},"sameAs":["https:\/\/www.facebook.com\/mayacieltequila","https:\/\/www.instagram.com\/mayaciel\/"]}]}},"jetpack_sharing_enabled":true,"_links":{"self":[{"href":"https:\/\/mayaciel.de\/en\/wp-json\/wp\/v2\/product\/2870","targetHints":{"allow":["GET"]}}],"collection":[{"href":"https:\/\/mayaciel.de\/en\/wp-json\/wp\/v2\/product"}],"about":[{"href":"https:\/\/mayaciel.de\/en\/wp-json\/wp\/v2\/types\/product"}],"replies":[{"embeddable":true,"href":"https:\/\/mayaciel.de\/en\/wp-json\/wp\/v2\/comments?post=2870"}],"wp:featuredmedia":[{"embeddable":true,"href":"https:\/\/mayaciel.de\/en\/wp-json\/wp\/v2\/media\/2877"}],"wp:attachment":[{"href":"https:\/\/mayaciel.de\/en\/wp-json\/wp\/v2\/media?parent=2870"}],"wp:term":[{"taxonomy":"product_brand","embeddable":true,"href":"https:\/\/mayaciel.de\/en\/wp-json\/wp\/v2\/product_brand?post=2870"},{"taxonomy":"product_cat","embeddable":true,"href":"https:\/\/mayaciel.de\/en\/wp-json\/wp\/v2\/product_cat?post=2870"},{"taxonomy":"product_tag","embeddable":true,"href":"https:\/\/mayaciel.de\/en\/wp-json\/wp\/v2\/product_tag?post=2870"}],"curies":[{"name":"wp","href":"https:\/\/api.w.org\/{rel}","templated":true}]}}