{"id":2939,"date":"2025-06-30T16:29:18","date_gmt":"2025-06-30T16:29:18","guid":{"rendered":"https:\/\/mayaciel.de\/?post_type=product&#038;p=2939"},"modified":"2025-06-30T16:41:35","modified_gmt":"2025-06-30T16:41:35","slug":"tequila-reposado-duo","status":"publish","type":"product","link":"https:\/\/mayaciel.de\/en\/produkt\/tequila-reposado-duo\/","title":{"rendered":"Tequila Reposado (Duo)"},"content":{"rendered":"<p><strong>Der weltweit erste und einzige Tequila Reposado \u2013 ausgereift in karibischen Rum F\u00e4ssern.<\/strong><\/p>\n<ul>\n<li><strong>Handgefertigt &amp; 100% Nat\u00fcrlich<\/strong><br \/>\nJede Flasche MAYACIEL ist einzigartig, handsigniert &amp; in Seidenpapier gewickelt \u2013 frei von Zus\u00e4tzen und k\u00fcnstlichen Aromen.<\/li>\n<li><strong>Fruchtige Agave trifft auf karibische Fassw\u00fcrze<\/strong><br \/>\nErlebe ein Aromenspiel aus gekochter Agave, feinen Vanille- und Karamellnoten. Ein Tequila wie du ihn noch nie probiert hast.<\/li>\n<li><strong>Entwickelt f\u00fcr den puren Genuss<\/strong><br \/>\nGenie\u00dfe unseren Tequila Reposado pur, um die volle Aromenvielfalt zu entdecken.<\/li>\n<\/ul>\n<p><img class=\"lazy mb-3\" style=\"max-width: 160px;\" data-src=\"\/wp-content\/themes\/mayaciel\/src\/dist\/img\/icons\/auszeichnung-reposado.png\" \/><\/p>\n","protected":false},"excerpt":{"rendered":"<p>Aromen gekochter Agave gepaart mit einer sanften S\u00fc\u00dfe aus Vanille und Karamell sowie tropischen Fr\u00fcchten und einer dezenten karibischen Fassw\u00fcrze, elegant seidig abgerundet mit einem wundervoll sanften Nachklang.<\/p>\n<p>Ausgereift in karibischen Rum F\u00e4ssern.<\/p>\n<p>Der h\u00f6chst ausgezeichnetste Tequila in Europa.<\/p>\n","protected":false},"featured_media":2940,"comment_status":"open","ping_status":"closed","template":"","meta":{"_acf_changed":false},"product_brand":[],"product_cat":[15],"product_tag":[],"class_list":{"0":"post-2939","1":"product","2":"type-product","3":"status-publish","4":"has-post-thumbnail","6":"product_cat-tequila","7":"product_shipping_class-kostenloser-versand-ab-60e-bestellwert","9":"first","10":"instock","11":"taxable","12":"shipping-taxable","13":"purchasable","14":"product-type-simple"},"acf":[],"yoast_head":"<!-- This site is optimized with the Yoast SEO plugin v25.5 - https:\/\/yoast.com\/wordpress\/plugins\/seo\/ -->\n<title>Tequila Reposado | bester Tequila | IWSC Gold | MAYACIEL Tequila<\/title>\n<meta name=\"description\" content=\"Entdecke den h\u00f6chst ausgezeichnetsten Tequila in Europa: Noten fruchtig-frischer Agave sowie feine Vanille- und Karamellaromen. 100% Agave &amp; Nat\u00fcrlich.\" \/>\n<meta name=\"robots\" content=\"index, follow, max-snippet:-1, max-image-preview:large, max-video-preview:-1\" \/>\n<link rel=\"canonical\" href=\"https:\/\/mayaciel.de\/en\/produkt\/tequila-reposado-duo\/\" \/>\n<meta property=\"og:locale\" content=\"en_US\" \/>\n<meta property=\"og:type\" content=\"article\" \/>\n<meta property=\"og:title\" content=\"Tequila Reposado | bester Tequila | IWSC Gold | MAYACIEL Tequila\" \/>\n<meta property=\"og:description\" content=\"Entdecke den h\u00f6chst ausgezeichnetsten Tequila in Europa: Noten fruchtig-frischer Agave sowie feine Vanille- und Karamellaromen. 100% Agave &amp; Nat\u00fcrlich.\" \/>\n<meta property=\"og:url\" content=\"https:\/\/mayaciel.de\/en\/produkt\/tequila-reposado-duo\/\" \/>\n<meta property=\"og:site_name\" content=\"MAYACIEL\" \/>\n<meta property=\"article:publisher\" content=\"https:\/\/www.facebook.com\/mayacieltequila\" \/>\n<meta property=\"article:modified_time\" content=\"2025-06-30T16:41:35+00:00\" \/>\n<meta property=\"og:image\" content=\"https:\/\/mayaciel.de\/wp-content\/uploads\/2025\/06\/MAYACIEL-Tequila-Reposado-Duo.png\" \/>\n\t<meta property=\"og:image:width\" content=\"2000\" \/>\n\t<meta property=\"og:image:height\" content=\"2000\" \/>\n\t<meta property=\"og:image:type\" content=\"image\/png\" \/>\n<meta name=\"twitter:card\" content=\"summary_large_image\" \/>\n<meta name=\"twitter:label1\" content=\"Est. reading time\" \/>\n\t<meta name=\"twitter:data1\" content=\"1 minute\" \/>\n<script type=\"application\/ld+json\" class=\"yoast-schema-graph\">{\"@context\":\"https:\/\/schema.org\",\"@graph\":[{\"@type\":\"WebPage\",\"@id\":\"https:\/\/mayaciel.de\/en\/produkt\/tequila-reposado-duo\/\",\"url\":\"https:\/\/mayaciel.de\/en\/produkt\/tequila-reposado-duo\/\",\"name\":\"Tequila Reposado | bester Tequila | IWSC Gold | MAYACIEL Tequila\",\"isPartOf\":{\"@id\":\"https:\/\/mayaciel.de\/en\/#website\"},\"primaryImageOfPage\":{\"@id\":\"https:\/\/mayaciel.de\/en\/produkt\/tequila-reposado-duo\/#primaryimage\"},\"image\":{\"@id\":\"https:\/\/mayaciel.de\/en\/produkt\/tequila-reposado-duo\/#primaryimage\"},\"thumbnailUrl\":\"https:\/\/mayaciel.de\/wp-content\/uploads\/2025\/06\/MAYACIEL-Tequila-Reposado-Duo.png\",\"datePublished\":\"2025-06-30T16:29:18+00:00\",\"dateModified\":\"2025-06-30T16:41:35+00:00\",\"description\":\"Entdecke den h\u00f6chst ausgezeichnetsten Tequila in Europa: Noten fruchtig-frischer Agave sowie feine Vanille- und Karamellaromen. 100% Agave & Nat\u00fcrlich.\",\"breadcrumb\":{\"@id\":\"https:\/\/mayaciel.de\/en\/produkt\/tequila-reposado-duo\/#breadcrumb\"},\"inLanguage\":\"en-US\",\"potentialAction\":[{\"@type\":\"ReadAction\",\"target\":[\"https:\/\/mayaciel.de\/en\/produkt\/tequila-reposado-duo\/\"]}]},{\"@type\":\"ImageObject\",\"inLanguage\":\"en-US\",\"@id\":\"https:\/\/mayaciel.de\/en\/produkt\/tequila-reposado-duo\/#primaryimage\",\"url\":\"https:\/\/mayaciel.de\/wp-content\/uploads\/2025\/06\/MAYACIEL-Tequila-Reposado-Duo.png\",\"contentUrl\":\"https:\/\/mayaciel.de\/wp-content\/uploads\/2025\/06\/MAYACIEL-Tequila-Reposado-Duo.png\",\"width\":2000,\"height\":2000,\"caption\":\"MAYACIEL Tequila Reposado Duo\"},{\"@type\":\"BreadcrumbList\",\"@id\":\"https:\/\/mayaciel.de\/en\/produkt\/tequila-reposado-duo\/#breadcrumb\",\"itemListElement\":[{\"@type\":\"ListItem\",\"position\":1,\"name\":\"Startseite\",\"item\":\"https:\/\/mayaciel.de\/en\/\"},{\"@type\":\"ListItem\",\"position\":2,\"name\":\"Shop\",\"item\":\"https:\/\/mayaciel.de\/shop\/\"},{\"@type\":\"ListItem\",\"position\":3,\"name\":\"Tequila Reposado (Duo)\"}]},{\"@type\":\"WebSite\",\"@id\":\"https:\/\/mayaciel.de\/en\/#website\",\"url\":\"https:\/\/mayaciel.de\/en\/\",\"name\":\"MAYACIEL\",\"description\":\"Tequila Generation Next\",\"publisher\":{\"@id\":\"https:\/\/mayaciel.de\/en\/#organization\"},\"alternateName\":\"MAYACIEL\",\"potentialAction\":[{\"@type\":\"SearchAction\",\"target\":{\"@type\":\"EntryPoint\",\"urlTemplate\":\"https:\/\/mayaciel.de\/en\/?s={search_term_string}\"},\"query-input\":{\"@type\":\"PropertyValueSpecification\",\"valueRequired\":true,\"valueName\":\"search_term_string\"}}],\"inLanguage\":\"en-US\"},{\"@type\":\"Organization\",\"@id\":\"https:\/\/mayaciel.de\/en\/#organization\",\"name\":\"Mayaciel Spirits GmbH\",\"alternateName\":\"MAYACIEL\",\"url\":\"https:\/\/mayaciel.de\/en\/\",\"logo\":{\"@type\":\"ImageObject\",\"inLanguage\":\"en-US\",\"@id\":\"https:\/\/mayaciel.de\/en\/#\/schema\/logo\/image\/\",\"url\":\"https:\/\/mayaciel.de\/wp-content\/uploads\/2023\/06\/ms-icon-310x310-1.png\",\"contentUrl\":\"https:\/\/mayaciel.de\/wp-content\/uploads\/2023\/06\/ms-icon-310x310-1.png\",\"width\":310,\"height\":310,\"caption\":\"Mayaciel Spirits GmbH\"},\"image\":{\"@id\":\"https:\/\/mayaciel.de\/en\/#\/schema\/logo\/image\/\"},\"sameAs\":[\"https:\/\/www.facebook.com\/mayacieltequila\",\"https:\/\/www.instagram.com\/mayaciel\/\"]}]}<\/script>\n<!-- \/ Yoast SEO plugin. -->","yoast_head_json":{"title":"Tequila Reposado | bester Tequila | IWSC Gold | MAYACIEL Tequila","description":"Entdecke den h\u00f6chst ausgezeichnetsten Tequila in Europa: Noten fruchtig-frischer Agave sowie feine Vanille- und Karamellaromen. 100% Agave & Nat\u00fcrlich.","robots":{"index":"index","follow":"follow","max-snippet":"max-snippet:-1","max-image-preview":"max-image-preview:large","max-video-preview":"max-video-preview:-1"},"canonical":"https:\/\/mayaciel.de\/en\/produkt\/tequila-reposado-duo\/","og_locale":"en_US","og_type":"article","og_title":"Tequila Reposado | bester Tequila | IWSC Gold | MAYACIEL Tequila","og_description":"Entdecke den h\u00f6chst ausgezeichnetsten Tequila in Europa: Noten fruchtig-frischer Agave sowie feine Vanille- und Karamellaromen. 100% Agave & Nat\u00fcrlich.","og_url":"https:\/\/mayaciel.de\/en\/produkt\/tequila-reposado-duo\/","og_site_name":"MAYACIEL","article_publisher":"https:\/\/www.facebook.com\/mayacieltequila","article_modified_time":"2025-06-30T16:41:35+00:00","og_image":[{"url":"https:\/\/mayaciel.de\/wp-content\/uploads\/2025\/06\/MAYACIEL-Tequila-Reposado-Duo.png","width":2000,"height":2000,"type":"image\/png"}],"twitter_card":"summary_large_image","twitter_misc":{"Est. reading time":"1 minute"},"schema":{"@context":"https:\/\/schema.org","@graph":[{"@type":"WebPage","@id":"https:\/\/mayaciel.de\/en\/produkt\/tequila-reposado-duo\/","url":"https:\/\/mayaciel.de\/en\/produkt\/tequila-reposado-duo\/","name":"Tequila Reposado | bester Tequila | IWSC Gold | MAYACIEL Tequila","isPartOf":{"@id":"https:\/\/mayaciel.de\/en\/#website"},"primaryImageOfPage":{"@id":"https:\/\/mayaciel.de\/en\/produkt\/tequila-reposado-duo\/#primaryimage"},"image":{"@id":"https:\/\/mayaciel.de\/en\/produkt\/tequila-reposado-duo\/#primaryimage"},"thumbnailUrl":"https:\/\/mayaciel.de\/wp-content\/uploads\/2025\/06\/MAYACIEL-Tequila-Reposado-Duo.png","datePublished":"2025-06-30T16:29:18+00:00","dateModified":"2025-06-30T16:41:35+00:00","description":"Entdecke den h\u00f6chst ausgezeichnetsten Tequila in Europa: Noten fruchtig-frischer Agave sowie feine Vanille- und Karamellaromen. 100% Agave & Nat\u00fcrlich.","breadcrumb":{"@id":"https:\/\/mayaciel.de\/en\/produkt\/tequila-reposado-duo\/#breadcrumb"},"inLanguage":"en-US","potentialAction":[{"@type":"ReadAction","target":["https:\/\/mayaciel.de\/en\/produkt\/tequila-reposado-duo\/"]}]},{"@type":"ImageObject","inLanguage":"en-US","@id":"https:\/\/mayaciel.de\/en\/produkt\/tequila-reposado-duo\/#primaryimage","url":"https:\/\/mayaciel.de\/wp-content\/uploads\/2025\/06\/MAYACIEL-Tequila-Reposado-Duo.png","contentUrl":"https:\/\/mayaciel.de\/wp-content\/uploads\/2025\/06\/MAYACIEL-Tequila-Reposado-Duo.png","width":2000,"height":2000,"caption":"MAYACIEL Tequila Reposado Duo"},{"@type":"BreadcrumbList","@id":"https:\/\/mayaciel.de\/en\/produkt\/tequila-reposado-duo\/#breadcrumb","itemListElement":[{"@type":"ListItem","position":1,"name":"Startseite","item":"https:\/\/mayaciel.de\/en\/"},{"@type":"ListItem","position":2,"name":"Shop","item":"https:\/\/mayaciel.de\/shop\/"},{"@type":"ListItem","position":3,"name":"Tequila Reposado (Duo)"}]},{"@type":"WebSite","@id":"https:\/\/mayaciel.de\/en\/#website","url":"https:\/\/mayaciel.de\/en\/","name":"MAYACIEL","description":"Tequila Generation Next","publisher":{"@id":"https:\/\/mayaciel.de\/en\/#organization"},"alternateName":"MAYACIEL","potentialAction":[{"@type":"SearchAction","target":{"@type":"EntryPoint","urlTemplate":"https:\/\/mayaciel.de\/en\/?s={search_term_string}"},"query-input":{"@type":"PropertyValueSpecification","valueRequired":true,"valueName":"search_term_string"}}],"inLanguage":"en-US"},{"@type":"Organization","@id":"https:\/\/mayaciel.de\/en\/#organization","name":"Mayaciel Spirits GmbH","alternateName":"MAYACIEL","url":"https:\/\/mayaciel.de\/en\/","logo":{"@type":"ImageObject","inLanguage":"en-US","@id":"https:\/\/mayaciel.de\/en\/#\/schema\/logo\/image\/","url":"https:\/\/mayaciel.de\/wp-content\/uploads\/2023\/06\/ms-icon-310x310-1.png","contentUrl":"https:\/\/mayaciel.de\/wp-content\/uploads\/2023\/06\/ms-icon-310x310-1.png","width":310,"height":310,"caption":"Mayaciel Spirits GmbH"},"image":{"@id":"https:\/\/mayaciel.de\/en\/#\/schema\/logo\/image\/"},"sameAs":["https:\/\/www.facebook.com\/mayacieltequila","https:\/\/www.instagram.com\/mayaciel\/"]}]}},"jetpack_sharing_enabled":true,"_links":{"self":[{"href":"https:\/\/mayaciel.de\/en\/wp-json\/wp\/v2\/product\/2939","targetHints":{"allow":["GET"]}}],"collection":[{"href":"https:\/\/mayaciel.de\/en\/wp-json\/wp\/v2\/product"}],"about":[{"href":"https:\/\/mayaciel.de\/en\/wp-json\/wp\/v2\/types\/product"}],"replies":[{"embeddable":true,"href":"https:\/\/mayaciel.de\/en\/wp-json\/wp\/v2\/comments?post=2939"}],"wp:featuredmedia":[{"embeddable":true,"href":"https:\/\/mayaciel.de\/en\/wp-json\/wp\/v2\/media\/2940"}],"wp:attachment":[{"href":"https:\/\/mayaciel.de\/en\/wp-json\/wp\/v2\/media?parent=2939"}],"wp:term":[{"taxonomy":"product_brand","embeddable":true,"href":"https:\/\/mayaciel.de\/en\/wp-json\/wp\/v2\/product_brand?post=2939"},{"taxonomy":"product_cat","embeddable":true,"href":"https:\/\/mayaciel.de\/en\/wp-json\/wp\/v2\/product_cat?post=2939"},{"taxonomy":"product_tag","embeddable":true,"href":"https:\/\/mayaciel.de\/en\/wp-json\/wp\/v2\/product_tag?post=2939"}],"curies":[{"name":"wp","href":"https:\/\/api.w.org\/{rel}","templated":true}]}}