{"id":3341,"date":"2025-08-01T15:15:58","date_gmt":"2025-08-01T15:15:58","guid":{"rendered":"https:\/\/mayaciel.de\/?post_type=product&#038;p=3341"},"modified":"2025-08-01T16:34:32","modified_gmt":"2025-08-01T16:34:32","slug":"mayaciel-signature-cap","status":"publish","type":"product","link":"https:\/\/mayaciel.de\/en\/produkt\/mayaciel-signature-cap\/","title":{"rendered":"Signature Cap"},"content":{"rendered":"<p data-start=\"217\" data-end=\"284\"><strong data-start=\"217\" data-end=\"284\">Classic Dad Cap in Piniennadelgr\u00fcn<\/strong><\/p>\n<p data-start=\"286\" data-end=\"560\">Unsere klassische Dad Cap in edlem Piniennadel-Gr\u00fcn vereint zeitloses Design mit hochwertiger Verarbeitung. Die Cap wird in Portugal aus ausgew\u00e4hlten Premiumstoffen gefertigt und erh\u00e4lt durch eine spezielle Garment-Waschung ihre einzigartige Farbe, Struktur und Haptik.<\/p>\n<p data-start=\"562\" data-end=\"735\">Vorne ziert ein hochwertiger Logo Stick in MAYACIEL Signature Orange die Cap \u2013 auf der R\u00fcckseite ist ein dezenter Namensstick in derselben Farbe platziert.<\/p>\n<p data-start=\"737\" data-end=\"856\">Jedes Detail der Cap wurde individuell auf MAYACIEL abgestimmt.<\/p>\n<p data-start=\"858\" data-end=\"945\"><strong data-start=\"858\" data-end=\"945\">Dein l\u00e4ssiger Begleiter f\u00fcr sonnige Tage, mexikanische N\u00e4chte und alles dazwischen.<\/strong><\/p>\n<ul data-start=\"947\" data-end=\"1188\">\n<li data-start=\"947\" data-end=\"974\">\n<p data-start=\"949\" data-end=\"974\">Modell: Classic Dad Cap<\/p>\n<\/li>\n<li data-start=\"975\" data-end=\"1026\">\n<p data-start=\"977\" data-end=\"1026\">Farbe: Piniennadel-Gr\u00fcn mit spezieller Waschung<\/p>\n<\/li>\n<li data-start=\"1027\" data-end=\"1088\">\n<p data-start=\"1029\" data-end=\"1088\">Hochwertiger Stick in unserem MAYACIEL Signature Orange (vorn &amp; hinten)<\/p>\n<\/li>\n<li data-start=\"1089\" data-end=\"1127\">\n<p data-start=\"1091\" data-end=\"1127\">Komplett individualisiertes Design<\/p>\n<\/li>\n<li data-start=\"1128\" data-end=\"1159\">\n<p data-start=\"1130\" data-end=\"1159\">Fair produziert in Portugal<\/p>\n<\/li>\n<li data-start=\"1160\" data-end=\"1188\">\n<p data-start=\"1162\" data-end=\"1188\">Verstellbarer Unisex Fit<\/p>\n<\/li>\n<\/ul>\n<p data-start=\"1190\" data-end=\"1255\"><strong data-start=\"1190\" data-end=\"1255\">Designed in Berlin. Inspiriert von Mexiko. Getragen weltweit.<\/strong><\/p>\n","protected":false},"excerpt":{"rendered":"<p>Classic Dad Cap in Piniennadelgr\u00fcn Unsere klassische Dad Cap in edlem Piniennadel-Gr\u00fcn vereint zeitloses Design mit&#8230;<\/p>\n","protected":false},"featured_media":3342,"comment_status":"closed","ping_status":"closed","template":"","meta":{"_acf_changed":false},"product_brand":[],"product_cat":[15],"product_tag":[],"class_list":{"0":"post-3341","1":"product","2":"type-product","3":"status-publish","4":"has-post-thumbnail","6":"product_cat-tequila","7":"product_shipping_class-kostenloser-versand-ab-60e-bestellwert","9":"first","10":"instock","11":"taxable","12":"shipping-taxable","13":"purchasable","14":"product-type-simple"},"acf":[],"yoast_head":"<!-- This site is optimized with the Yoast SEO plugin v25.5 - https:\/\/yoast.com\/wordpress\/plugins\/seo\/ -->\n<title>MAYACIEL Dad Cap \u2013 Premium Cap in Piniennadel-Gr\u00fcn<\/title>\n<meta name=\"description\" content=\"Entdecke die MAYACIEL Dad Cap in Piniennadel-Gr\u00fcn mit Signature-Stick in Orange. Hochwertig, fair produziert in Portugal \u2013 stylisch, individuell &amp; zeitlos.\" \/>\n<meta name=\"robots\" content=\"index, follow, max-snippet:-1, max-image-preview:large, max-video-preview:-1\" \/>\n<link rel=\"canonical\" href=\"https:\/\/mayaciel.de\/en\/produkt\/mayaciel-signature-cap\/\" \/>\n<meta property=\"og:locale\" content=\"en_US\" \/>\n<meta property=\"og:type\" content=\"article\" \/>\n<meta property=\"og:title\" content=\"MAYACIEL Dad Cap \u2013 Premium Cap in Piniennadel-Gr\u00fcn\" \/>\n<meta property=\"og:description\" content=\"Entdecke die MAYACIEL Dad Cap in Piniennadel-Gr\u00fcn mit Signature-Stick in Orange. Hochwertig, fair produziert in Portugal \u2013 stylisch, individuell &amp; zeitlos.\" \/>\n<meta property=\"og:url\" content=\"https:\/\/mayaciel.de\/en\/produkt\/mayaciel-signature-cap\/\" \/>\n<meta property=\"og:site_name\" content=\"MAYACIEL\" \/>\n<meta property=\"article:publisher\" content=\"https:\/\/www.facebook.com\/mayacieltequila\" \/>\n<meta property=\"article:modified_time\" content=\"2025-08-01T16:34:32+00:00\" \/>\n<meta property=\"og:image\" content=\"https:\/\/mayaciel.de\/wp-content\/uploads\/2025\/08\/2000x2000px-Cap-small2.png\" \/>\n\t<meta property=\"og:image:width\" content=\"972\" \/>\n\t<meta property=\"og:image:height\" content=\"972\" \/>\n\t<meta property=\"og:image:type\" content=\"image\/png\" \/>\n<meta name=\"twitter:card\" content=\"summary_large_image\" \/>\n<meta name=\"twitter:label1\" content=\"Est. reading time\" \/>\n\t<meta name=\"twitter:data1\" content=\"1 minute\" \/>\n<script type=\"application\/ld+json\" class=\"yoast-schema-graph\">{\"@context\":\"https:\/\/schema.org\",\"@graph\":[{\"@type\":\"WebPage\",\"@id\":\"https:\/\/mayaciel.de\/en\/produkt\/mayaciel-signature-cap\/\",\"url\":\"https:\/\/mayaciel.de\/en\/produkt\/mayaciel-signature-cap\/\",\"name\":\"MAYACIEL Dad Cap \u2013 Premium Cap in Piniennadel-Gr\u00fcn\",\"isPartOf\":{\"@id\":\"https:\/\/mayaciel.de\/en\/#website\"},\"primaryImageOfPage\":{\"@id\":\"https:\/\/mayaciel.de\/en\/produkt\/mayaciel-signature-cap\/#primaryimage\"},\"image\":{\"@id\":\"https:\/\/mayaciel.de\/en\/produkt\/mayaciel-signature-cap\/#primaryimage\"},\"thumbnailUrl\":\"https:\/\/mayaciel.de\/wp-content\/uploads\/2025\/08\/2000x2000px-Cap-small2.png\",\"datePublished\":\"2025-08-01T15:15:58+00:00\",\"dateModified\":\"2025-08-01T16:34:32+00:00\",\"description\":\"Entdecke die MAYACIEL Dad Cap in Piniennadel-Gr\u00fcn mit Signature-Stick in Orange. Hochwertig, fair produziert in Portugal \u2013 stylisch, individuell & zeitlos.\",\"breadcrumb\":{\"@id\":\"https:\/\/mayaciel.de\/en\/produkt\/mayaciel-signature-cap\/#breadcrumb\"},\"inLanguage\":\"en-US\",\"potentialAction\":[{\"@type\":\"ReadAction\",\"target\":[\"https:\/\/mayaciel.de\/en\/produkt\/mayaciel-signature-cap\/\"]}]},{\"@type\":\"ImageObject\",\"inLanguage\":\"en-US\",\"@id\":\"https:\/\/mayaciel.de\/en\/produkt\/mayaciel-signature-cap\/#primaryimage\",\"url\":\"https:\/\/mayaciel.de\/wp-content\/uploads\/2025\/08\/2000x2000px-Cap-small2.png\",\"contentUrl\":\"https:\/\/mayaciel.de\/wp-content\/uploads\/2025\/08\/2000x2000px-Cap-small2.png\",\"width\":972,\"height\":972,\"caption\":\"MAYACIEL Signature Cap, Classic Premium Dad Cap\"},{\"@type\":\"BreadcrumbList\",\"@id\":\"https:\/\/mayaciel.de\/en\/produkt\/mayaciel-signature-cap\/#breadcrumb\",\"itemListElement\":[{\"@type\":\"ListItem\",\"position\":1,\"name\":\"Startseite\",\"item\":\"https:\/\/mayaciel.de\/en\/\"},{\"@type\":\"ListItem\",\"position\":2,\"name\":\"Shop\",\"item\":\"https:\/\/mayaciel.de\/shop\/\"},{\"@type\":\"ListItem\",\"position\":3,\"name\":\"Signature Cap\"}]},{\"@type\":\"WebSite\",\"@id\":\"https:\/\/mayaciel.de\/en\/#website\",\"url\":\"https:\/\/mayaciel.de\/en\/\",\"name\":\"MAYACIEL\",\"description\":\"Tequila Generation Next\",\"publisher\":{\"@id\":\"https:\/\/mayaciel.de\/en\/#organization\"},\"alternateName\":\"MAYACIEL\",\"potentialAction\":[{\"@type\":\"SearchAction\",\"target\":{\"@type\":\"EntryPoint\",\"urlTemplate\":\"https:\/\/mayaciel.de\/en\/?s={search_term_string}\"},\"query-input\":{\"@type\":\"PropertyValueSpecification\",\"valueRequired\":true,\"valueName\":\"search_term_string\"}}],\"inLanguage\":\"en-US\"},{\"@type\":\"Organization\",\"@id\":\"https:\/\/mayaciel.de\/en\/#organization\",\"name\":\"Mayaciel Spirits GmbH\",\"alternateName\":\"MAYACIEL\",\"url\":\"https:\/\/mayaciel.de\/en\/\",\"logo\":{\"@type\":\"ImageObject\",\"inLanguage\":\"en-US\",\"@id\":\"https:\/\/mayaciel.de\/en\/#\/schema\/logo\/image\/\",\"url\":\"https:\/\/mayaciel.de\/wp-content\/uploads\/2023\/06\/ms-icon-310x310-1.png\",\"contentUrl\":\"https:\/\/mayaciel.de\/wp-content\/uploads\/2023\/06\/ms-icon-310x310-1.png\",\"width\":310,\"height\":310,\"caption\":\"Mayaciel Spirits GmbH\"},\"image\":{\"@id\":\"https:\/\/mayaciel.de\/en\/#\/schema\/logo\/image\/\"},\"sameAs\":[\"https:\/\/www.facebook.com\/mayacieltequila\",\"https:\/\/www.instagram.com\/mayaciel\/\"]}]}<\/script>\n<!-- \/ Yoast SEO plugin. -->","yoast_head_json":{"title":"MAYACIEL Dad Cap \u2013 Premium Cap in Piniennadel-Gr\u00fcn","description":"Entdecke die MAYACIEL Dad Cap in Piniennadel-Gr\u00fcn mit Signature-Stick in Orange. Hochwertig, fair produziert in Portugal \u2013 stylisch, individuell & zeitlos.","robots":{"index":"index","follow":"follow","max-snippet":"max-snippet:-1","max-image-preview":"max-image-preview:large","max-video-preview":"max-video-preview:-1"},"canonical":"https:\/\/mayaciel.de\/en\/produkt\/mayaciel-signature-cap\/","og_locale":"en_US","og_type":"article","og_title":"MAYACIEL Dad Cap \u2013 Premium Cap in Piniennadel-Gr\u00fcn","og_description":"Entdecke die MAYACIEL Dad Cap in Piniennadel-Gr\u00fcn mit Signature-Stick in Orange. Hochwertig, fair produziert in Portugal \u2013 stylisch, individuell & zeitlos.","og_url":"https:\/\/mayaciel.de\/en\/produkt\/mayaciel-signature-cap\/","og_site_name":"MAYACIEL","article_publisher":"https:\/\/www.facebook.com\/mayacieltequila","article_modified_time":"2025-08-01T16:34:32+00:00","og_image":[{"width":972,"height":972,"url":"https:\/\/mayaciel.de\/wp-content\/uploads\/2025\/08\/2000x2000px-Cap-small2.png","type":"image\/png"}],"twitter_card":"summary_large_image","twitter_misc":{"Est. reading time":"1 minute"},"schema":{"@context":"https:\/\/schema.org","@graph":[{"@type":"WebPage","@id":"https:\/\/mayaciel.de\/en\/produkt\/mayaciel-signature-cap\/","url":"https:\/\/mayaciel.de\/en\/produkt\/mayaciel-signature-cap\/","name":"MAYACIEL Dad Cap \u2013 Premium Cap in Piniennadel-Gr\u00fcn","isPartOf":{"@id":"https:\/\/mayaciel.de\/en\/#website"},"primaryImageOfPage":{"@id":"https:\/\/mayaciel.de\/en\/produkt\/mayaciel-signature-cap\/#primaryimage"},"image":{"@id":"https:\/\/mayaciel.de\/en\/produkt\/mayaciel-signature-cap\/#primaryimage"},"thumbnailUrl":"https:\/\/mayaciel.de\/wp-content\/uploads\/2025\/08\/2000x2000px-Cap-small2.png","datePublished":"2025-08-01T15:15:58+00:00","dateModified":"2025-08-01T16:34:32+00:00","description":"Entdecke die MAYACIEL Dad Cap in Piniennadel-Gr\u00fcn mit Signature-Stick in Orange. Hochwertig, fair produziert in Portugal \u2013 stylisch, individuell & zeitlos.","breadcrumb":{"@id":"https:\/\/mayaciel.de\/en\/produkt\/mayaciel-signature-cap\/#breadcrumb"},"inLanguage":"en-US","potentialAction":[{"@type":"ReadAction","target":["https:\/\/mayaciel.de\/en\/produkt\/mayaciel-signature-cap\/"]}]},{"@type":"ImageObject","inLanguage":"en-US","@id":"https:\/\/mayaciel.de\/en\/produkt\/mayaciel-signature-cap\/#primaryimage","url":"https:\/\/mayaciel.de\/wp-content\/uploads\/2025\/08\/2000x2000px-Cap-small2.png","contentUrl":"https:\/\/mayaciel.de\/wp-content\/uploads\/2025\/08\/2000x2000px-Cap-small2.png","width":972,"height":972,"caption":"MAYACIEL Signature Cap, Classic Premium Dad Cap"},{"@type":"BreadcrumbList","@id":"https:\/\/mayaciel.de\/en\/produkt\/mayaciel-signature-cap\/#breadcrumb","itemListElement":[{"@type":"ListItem","position":1,"name":"Startseite","item":"https:\/\/mayaciel.de\/en\/"},{"@type":"ListItem","position":2,"name":"Shop","item":"https:\/\/mayaciel.de\/shop\/"},{"@type":"ListItem","position":3,"name":"Signature Cap"}]},{"@type":"WebSite","@id":"https:\/\/mayaciel.de\/en\/#website","url":"https:\/\/mayaciel.de\/en\/","name":"MAYACIEL","description":"Tequila Generation Next","publisher":{"@id":"https:\/\/mayaciel.de\/en\/#organization"},"alternateName":"MAYACIEL","potentialAction":[{"@type":"SearchAction","target":{"@type":"EntryPoint","urlTemplate":"https:\/\/mayaciel.de\/en\/?s={search_term_string}"},"query-input":{"@type":"PropertyValueSpecification","valueRequired":true,"valueName":"search_term_string"}}],"inLanguage":"en-US"},{"@type":"Organization","@id":"https:\/\/mayaciel.de\/en\/#organization","name":"Mayaciel Spirits GmbH","alternateName":"MAYACIEL","url":"https:\/\/mayaciel.de\/en\/","logo":{"@type":"ImageObject","inLanguage":"en-US","@id":"https:\/\/mayaciel.de\/en\/#\/schema\/logo\/image\/","url":"https:\/\/mayaciel.de\/wp-content\/uploads\/2023\/06\/ms-icon-310x310-1.png","contentUrl":"https:\/\/mayaciel.de\/wp-content\/uploads\/2023\/06\/ms-icon-310x310-1.png","width":310,"height":310,"caption":"Mayaciel Spirits GmbH"},"image":{"@id":"https:\/\/mayaciel.de\/en\/#\/schema\/logo\/image\/"},"sameAs":["https:\/\/www.facebook.com\/mayacieltequila","https:\/\/www.instagram.com\/mayaciel\/"]}]}},"jetpack_sharing_enabled":true,"_links":{"self":[{"href":"https:\/\/mayaciel.de\/en\/wp-json\/wp\/v2\/product\/3341","targetHints":{"allow":["GET"]}}],"collection":[{"href":"https:\/\/mayaciel.de\/en\/wp-json\/wp\/v2\/product"}],"about":[{"href":"https:\/\/mayaciel.de\/en\/wp-json\/wp\/v2\/types\/product"}],"replies":[{"embeddable":true,"href":"https:\/\/mayaciel.de\/en\/wp-json\/wp\/v2\/comments?post=3341"}],"wp:featuredmedia":[{"embeddable":true,"href":"https:\/\/mayaciel.de\/en\/wp-json\/wp\/v2\/media\/3342"}],"wp:attachment":[{"href":"https:\/\/mayaciel.de\/en\/wp-json\/wp\/v2\/media?parent=3341"}],"wp:term":[{"taxonomy":"product_brand","embeddable":true,"href":"https:\/\/mayaciel.de\/en\/wp-json\/wp\/v2\/product_brand?post=3341"},{"taxonomy":"product_cat","embeddable":true,"href":"https:\/\/mayaciel.de\/en\/wp-json\/wp\/v2\/product_cat?post=3341"},{"taxonomy":"product_tag","embeddable":true,"href":"https:\/\/mayaciel.de\/en\/wp-json\/wp\/v2\/product_tag?post=3341"}],"curies":[{"name":"wp","href":"https:\/\/api.w.org\/{rel}","templated":true}]}}